{"id":7487,"date":"2016-03-04T10:43:06","date_gmt":"2016-03-04T10:43:06","guid":{"rendered":"https:\/\/popart-zon-raamdeco.be\/?page_id=7487"},"modified":"2016-03-04T10:44:25","modified_gmt":"2016-03-04T10:44:25","slug":"demande-de-prix-2","status":"publish","type":"page","link":"https:\/\/popart-zon-raamdeco.be\/fr\/demande-de-prix-2\/","title":{"rendered":"Demande de prix"},"content":{"rendered":"<script type=\"text\/javascript\">var gform;gform||(document.addEventListener(\"gform_main_scripts_loaded\",function(){gform.scriptsLoaded=!0}),document.addEventListener(\"gform\/theme\/scripts_loaded\",function(){gform.themeScriptsLoaded=!0}),window.addEventListener(\"DOMContentLoaded\",function(){gform.domLoaded=!0}),gform={domLoaded:!1,scriptsLoaded:!1,themeScriptsLoaded:!1,isFormEditor:()=>\"function\"==typeof InitializeEditor,callIfLoaded:function(o){return!(!gform.domLoaded||!gform.scriptsLoaded||!gform.themeScriptsLoaded&&!gform.isFormEditor()||(gform.isFormEditor()&&console.warn(\"The use of gform.initializeOnLoaded() is deprecated in the form editor context and will be removed in Gravity Forms 3.1.\"),o(),0))},initializeOnLoaded:function(o){gform.callIfLoaded(o)||(document.addEventListener(\"gform_main_scripts_loaded\",()=>{gform.scriptsLoaded=!0,gform.callIfLoaded(o)}),document.addEventListener(\"gform\/theme\/scripts_loaded\",()=>{gform.themeScriptsLoaded=!0,gform.callIfLoaded(o)}),window.addEventListener(\"DOMContentLoaded\",()=>{gform.domLoaded=!0,gform.callIfLoaded(o)}))},hooks:{action:{},filter:{}},addAction:function(o,r,e,t){gform.addHook(\"action\",o,r,e,t)},addFilter:function(o,r,e,t){gform.addHook(\"filter\",o,r,e,t)},doAction:function(o){gform.doHook(\"action\",o,arguments)},applyFilters:function(o){return gform.doHook(\"filter\",o,arguments)},removeAction:function(o,r){gform.removeHook(\"action\",o,r)},removeFilter:function(o,r,e){gform.removeHook(\"filter\",o,r,e)},addHook:function(o,r,e,t,n){null==gform.hooks[o][r]&&(gform.hooks[o][r]=[]);var d=gform.hooks[o][r];null==n&&(n=r+\"_\"+d.length),gform.hooks[o][r].push({tag:n,callable:e,priority:t=null==t?10:t})},doHook:function(r,o,e){var t;if(e=Array.prototype.slice.call(e,1),null!=gform.hooks[r][o]&&((o=gform.hooks[r][o]).sort(function(o,r){return o.priority-r.priority}),o.forEach(function(o){\"function\"!=typeof(t=o.callable)&&(t=window[t]),\"action\"==r?t.apply(null,e):e[0]=t.apply(null,e)})),\"filter\"==r)return e[0]},removeHook:function(o,r,t,n){var e;null!=gform.hooks[o][r]&&(e=(e=gform.hooks[o][r]).filter(function(o,r,e){return!!(null!=n&&n!=o.tag||null!=t&&t!=o.priority)}),gform.hooks[o][r]=e)}});<\/script>\n                <div class='gf_browser_gecko gform_wrapper gform_legacy_markup_wrapper gform-theme--no-framework' data-form-theme='legacy' data-form-index='0' id='gform_wrapper_8' ><div id='gf_8' class='gform_anchor' tabindex='-1'><\/div><form method='post' enctype='multipart\/form-data' target='gform_ajax_frame_8' id='gform_8'  action='\/fr\/wp-json\/wp\/v2\/pages\/7487#gf_8' data-formid='8' novalidate>\n        <div id='gf_progressbar_wrapper_8' class='gf_progressbar_wrapper' data-start-at-zero=''>\n        \t<h3 class=\"gf_progressbar_title\">\u00c9tape <span class='gf_step_current_page'>1<\/span> sur <span class='gf_step_page_count'>2<\/span><span class='gf_step_page_name'><\/span>\n        \t<\/h3>\n            <div class='gf_progressbar gf_progressbar_blue' aria-hidden='true'>\n                <div class='gf_progressbar_percentage percentbar_blue percentbar_50' style='width:50%;'><span>50%<\/span><\/div>\n            <\/div><\/div>\n                        <div class='gform-body gform_body'><div id='gform_page_8_1' class='gform_page ' data-js='page-field-id-0' >\n                                    <div class='gform_page_fields'><ul id='gform_fields_8' class='gform_fields top_label form_sublabel_below description_below validation_below'><li id=\"field_8_9\" class=\"gfield gfield--type-radio gfield--type-choice gfield_contains_required field_sublabel_below gfield--no-description field_description_below field_validation_below gfield_visibility_visible\"  data-js-reload=\"field_8_9\" ><label class='gfield_label gform-field-label' >Votre choix:<span class=\"gfield_required\"><span class=\"gfield_required gfield_required_asterisk\">*<\/span><\/span><\/label><div class='ginput_container ginput_container_radio'><ul class='gfield_radio' id='input_8_9'>\n\t\t\t<li class='gchoice gchoice_8_9_0'>\n\t\t\t\t<input name='input_9' type='radio' value='Facette'  id='choice_8_9_0'    \/>\n\t\t\t\t<label for='choice_8_9_0' id='label_8_9_0' class='gform-field-label gform-field-label--type-inline'>Facette<\/label>\n\t\t\t<\/li>\n\t\t\t<li class='gchoice gchoice_8_9_1'>\n\t\t\t\t<input name='input_9' type='radio' value='Rideaux \u00e0 plis'  id='choice_8_9_1'    \/>\n\t\t\t\t<label for='choice_8_9_1' id='label_8_9_1' class='gform-field-label gform-field-label--type-inline'>Rideaux \u00e0 plis<\/label>\n\t\t\t<\/li>\n\t\t\t<li class='gchoice gchoice_8_9_2'>\n\t\t\t\t<input name='input_9' type='radio' value='Jalousies verticales'  id='choice_8_9_2'    \/>\n\t\t\t\t<label for='choice_8_9_2' id='label_8_9_2' class='gform-field-label gform-field-label--type-inline'>Jalousies verticales<\/label>\n\t\t\t<\/li>\n\t\t\t<li class='gchoice gchoice_8_9_3'>\n\t\t\t\t<input name='input_9' type='radio' value='Jalousies horizontales'  id='choice_8_9_3'    \/>\n\t\t\t\t<label for='choice_8_9_3' id='label_8_9_3' class='gform-field-label gform-field-label--type-inline'>Jalousies horizontales<\/label>\n\t\t\t<\/li>\n\t\t\t<li class='gchoice gchoice_8_9_4'>\n\t\t\t\t<input name='input_9' type='radio' value='Twist'  id='choice_8_9_4'    \/>\n\t\t\t\t<label for='choice_8_9_4' id='label_8_9_4' class='gform-field-label gform-field-label--type-inline'>Twist<\/label>\n\t\t\t<\/li>\n\t\t\t<li class='gchoice gchoice_8_9_5'>\n\t\t\t\t<input name='input_9' type='radio' value='Paneelgordijn'  id='choice_8_9_5'    \/>\n\t\t\t\t<label for='choice_8_9_5' id='label_8_9_5' class='gform-field-label gform-field-label--type-inline'>Paneelgordijn<\/label>\n\t\t\t<\/li>\n\t\t\t<li class='gchoice gchoice_8_9_6'>\n\t\t\t\t<input name='input_9' type='radio' value='Silhouette'  id='choice_8_9_6'    \/>\n\t\t\t\t<label for='choice_8_9_6' id='label_8_9_6' class='gform-field-label gform-field-label--type-inline'>Silhouette<\/label>\n\t\t\t<\/li>\n\t\t\t<li class='gchoice gchoice_8_9_7'>\n\t\t\t\t<input name='input_9' type='radio' value='Pliss\u00e9 shades'  id='choice_8_9_7'    \/>\n\t\t\t\t<label for='choice_8_9_7' id='label_8_9_7' class='gform-field-label gform-field-label--type-inline'>Pliss\u00e9 shades<\/label>\n\t\t\t<\/li>\n\t\t\t<li class='gchoice gchoice_8_9_8'>\n\t\t\t\t<input name='input_9' type='radio' value='Duette shades'  id='choice_8_9_8'    \/>\n\t\t\t\t<label for='choice_8_9_8' id='label_8_9_8' class='gform-field-label gform-field-label--type-inline'>Duette shades<\/label>\n\t\t\t<\/li>\n\t\t\t<li class='gchoice gchoice_8_9_9'>\n\t\t\t\t<input name='input_9' type='radio' value='Marquises'  id='choice_8_9_9'    \/>\n\t\t\t\t<label for='choice_8_9_9' id='label_8_9_9' class='gform-field-label gform-field-label--type-inline'>Marquises<\/label>\n\t\t\t<\/li>\n\t\t\t<li class='gchoice gchoice_8_9_10'>\n\t\t\t\t<input name='input_9' type='radio' value='Zonnetent'  id='choice_8_9_10'    \/>\n\t\t\t\t<label for='choice_8_9_10' id='label_8_9_10' class='gform-field-label gform-field-label--type-inline'>Zonnetent<\/label>\n\t\t\t<\/li>\n\t\t\t<li class='gchoice gchoice_8_9_11'>\n\t\t\t\t<input name='input_9' type='radio' value='Screens'  id='choice_8_9_11'    \/>\n\t\t\t\t<label for='choice_8_9_11' id='label_8_9_11' class='gform-field-label gform-field-label--type-inline'>Screens<\/label>\n\t\t\t<\/li>\n\t\t\t<li class='gchoice gchoice_8_9_12'>\n\t\t\t\t<input name='input_9' type='radio' value='Shutters'  id='choice_8_9_12'    \/>\n\t\t\t\t<label for='choice_8_9_12' id='label_8_9_12' class='gform-field-label gform-field-label--type-inline'>Shutters<\/label>\n\t\t\t<\/li><\/ul><\/div><\/li><li id=\"field_8_12\" class=\"gfield gfield--type-html gfield_html gfield_no_follows_desc field_sublabel_below gfield--no-description field_description_below field_validation_below gfield_visibility_visible\"  data-js-reload=\"field_8_12\" >Afgewerkte maat : <\/li><li id=\"field_8_10\" class=\"gfield gfield--type-text gfield_contains_required field_sublabel_below gfield--no-description field_description_below field_validation_below gfield_visibility_visible\"  data-js-reload=\"field_8_10\" ><label class='gfield_label gform-field-label' for='input_8_10'>hauteur (en cm):<span class=\"gfield_required\"><span class=\"gfield_required gfield_required_asterisk\">*<\/span><\/span><\/label><div class='ginput_container ginput_container_text'><input name='input_10' id='input_8_10' type='text' value='' class='medium'     aria-required=\"true\" aria-invalid=\"false\"   \/><\/div><\/li><li id=\"field_8_11\" class=\"gfield gfield--type-text gfield_contains_required field_sublabel_below gfield--no-description field_description_below field_validation_below gfield_visibility_visible\"  data-js-reload=\"field_8_11\" ><label class='gfield_label gform-field-label' for='input_8_11'>largeur (en cm):<span class=\"gfield_required\"><span class=\"gfield_required gfield_required_asterisk\">*<\/span><\/span><\/label><div class='ginput_container ginput_container_text'><input name='input_11' id='input_8_11' type='text' value='' class='medium'     aria-required=\"true\" aria-invalid=\"false\"   \/><\/div><\/li><li id=\"field_8_13\" class=\"gfield gfield--type-radio gfield--type-choice gfield_contains_required field_sublabel_below gfield--no-description field_description_below field_validation_below gfield_visibility_visible\"  data-js-reload=\"field_8_13\" ><label class='gfield_label gform-field-label' >Op\u00e9ration<span class=\"gfield_required\"><span class=\"gfield_required gfield_required_asterisk\">*<\/span><\/span><\/label><div class='ginput_container ginput_container_radio'><ul class='gfield_radio' id='input_8_13'>\n\t\t\t<li class='gchoice gchoice_8_13_0'>\n\t\t\t\t<input name='input_13' type='radio' value='manuellement'  id='choice_8_13_0'    \/>\n\t\t\t\t<label for='choice_8_13_0' id='label_8_13_0' class='gform-field-label gform-field-label--type-inline'>manuellement<\/label>\n\t\t\t<\/li>\n\t\t\t<li class='gchoice gchoice_8_13_1'>\n\t\t\t\t<input name='input_13' type='radio' value='\u00e9lectrique'  id='choice_8_13_1'    \/>\n\t\t\t\t<label for='choice_8_13_1' id='label_8_13_1' class='gform-field-label gform-field-label--type-inline'>\u00e9lectrique<\/label>\n\t\t\t<\/li><\/ul><\/div><\/li><\/ul>\n                    <\/div>\n                    <div class='gform-page-footer gform_page_footer top_label'>\n                         <input type='button' id='gform_next_button_8_8' class='gform_next_button gform-theme-button button' onclick='gform.submission.handleButtonClick(this);' value='Suivant'  \/> \n                    <\/div>\n                <\/div>\n                <div id='gform_page_8_2' class='gform_page' data-js='page-field-id-8' style='display:none;'>\n                    <div class='gform_page_fields'>\n                        <ul id='gform_fields_8_2' class='gform_fields top_label form_sublabel_below description_below validation_below'><li id=\"field_8_1\" class=\"gfield gfield--type-text gfield_contains_required field_sublabel_below gfield--no-description field_description_below field_validation_below gfield_visibility_visible\"  data-js-reload=\"field_8_1\" ><label class='gfield_label gform-field-label' for='input_8_1'>Pr\u00e9nom<span class=\"gfield_required\"><span class=\"gfield_required gfield_required_asterisk\">*<\/span><\/span><\/label><div class='ginput_container ginput_container_text'><input name='input_1' id='input_8_1' type='text' value='' class='medium'     aria-required=\"true\" aria-invalid=\"false\"   \/><\/div><\/li><li id=\"field_8_2\" class=\"gfield gfield--type-text gfield_contains_required field_sublabel_below gfield--no-description field_description_below field_validation_below gfield_visibility_visible\"  data-js-reload=\"field_8_2\" ><label class='gfield_label gform-field-label' for='input_8_2'>Nom<span class=\"gfield_required\"><span class=\"gfield_required gfield_required_asterisk\">*<\/span><\/span><\/label><div class='ginput_container ginput_container_text'><input name='input_2' id='input_8_2' type='text' value='' class='medium'     aria-required=\"true\" aria-invalid=\"false\"   \/><\/div><\/li><li id=\"field_8_5\" class=\"gfield gfield--type-text field_sublabel_below gfield--no-description field_description_below field_validation_below gfield_visibility_visible\"  data-js-reload=\"field_8_5\" ><label class='gfield_label gform-field-label' for='input_8_5'>Num\u00e9ro de t\u00e9l\u00e9phone<\/label><div class='ginput_container ginput_container_text'><input name='input_5' id='input_8_5' type='text' value='' class='medium'      aria-invalid=\"false\"   \/><\/div><\/li><li id=\"field_8_4\" class=\"gfield gfield--type-email gfield_contains_required field_sublabel_below gfield--no-description field_description_below field_validation_below gfield_visibility_visible\"  data-js-reload=\"field_8_4\" ><label class='gfield_label gform-field-label' for='input_8_4'>Adresse e-mail<span class=\"gfield_required\"><span class=\"gfield_required gfield_required_asterisk\">*<\/span><\/span><\/label><div class='ginput_container ginput_container_email'>\n                            <input name='input_4' id='input_8_4' type='email' value='' class='medium'    aria-required=\"true\" aria-invalid=\"false\"  \/>\n                        <\/div><\/li><li id=\"field_8_3\" class=\"gfield gfield--type-textarea field_sublabel_below gfield--no-description field_description_below field_validation_below gfield_visibility_visible\"  data-js-reload=\"field_8_3\" ><label class='gfield_label gform-field-label' for='input_8_3'>Message<\/label><div class='ginput_container ginput_container_textarea'><textarea name='input_3' id='input_8_3' class='textarea medium'      aria-invalid=\"false\"   rows='10' cols='50'><\/textarea><\/div><\/li><li id=\"field_8_6\" class=\"gfield gfield--type-gf_no_captcha_recaptcha field_sublabel_below gfield--no-description field_description_below field_validation_below gfield_visibility_visible\"  data-js-reload=\"field_8_6\" ><label class='gfield_label gform-field-label screen-reader-text' for='input_8_6'><\/label><div class=\"ginput_container\"><div class=\"g-recaptcha\" data-sitekey=\"6LdcuAoTAAAAAGj3sw7Ymo6wV7ZIsTE263flljwi\" data-theme=\"light\"><\/div><\/div><\/li><\/ul><\/div>\n        <div class='gform-page-footer gform_page_footer top_label'><input type='submit' id='gform_previous_button_8' class='gform_previous_button gform-theme-button gform-theme-button--secondary button' onclick='gform.submission.handleButtonClick(this);' value='Vorige'  \/> <input type='submit' id='gform_submit_button_8' class='gform_button button' onclick='gform.submission.handleButtonClick(this);' value='Verzenden'  \/> <input type='hidden' name='gform_ajax' value='form_id=8&amp;title=&amp;description=&amp;tabindex=0&amp;theme=legacy&amp;styles=[]&amp;hash=1815fb13b5093cdc397780c470f06b10' \/>\n            <input type='hidden' class='gform_hidden' name='gform_submission_method' data-js='gform_submission_method_8' value='iframe' \/>\n            <input type='hidden' class='gform_hidden' name='gform_theme' data-js='gform_theme_8' id='gform_theme_8' value='legacy' \/>\n            <input type='hidden' class='gform_hidden' name='gform_style_settings' data-js='gform_style_settings_8' id='gform_style_settings_8' value='[]' \/>\n            <input type='hidden' class='gform_hidden' name='is_submit_8' value='1' \/>\n            <input type='hidden' class='gform_hidden' name='gform_submit' value='8' \/>\n            \n            <input type='hidden' class='gform_hidden' name='gform_unique_id' value='' \/>\n            <input type='hidden' class='gform_hidden' name='state_8' value='WyJbXSIsIjQzODJmNTUxZjcyODkzNGZiMTFmNDZlMzVjOGE0MmIwIl0=' \/>\n            <input type='hidden' autocomplete='off' class='gform_hidden' name='gform_target_page_number_8' id='gform_target_page_number_8' value='2' \/>\n            <input type='hidden' autocomplete='off' class='gform_hidden' name='gform_source_page_number_8' id='gform_source_page_number_8' value='1' \/>\n            <input type='hidden' name='gform_field_values' value='' \/>\n            \n        <\/div>\n                        <\/div><\/div>\n                        <\/form>\n                        <\/div>\n\t\t                <iframe style='display:none;width:0px;height:0px;' src='about:blank' name='gform_ajax_frame_8' id='gform_ajax_frame_8' title='Cette iframe contient la logique n\u00e9cessaire pour manipuler Gravity Forms avec Ajax.'><\/iframe>\n\t\t                <script type=\"text\/javascript\">\ngform.initializeOnLoaded( function() {gformInitSpinner( 8, 'https:\/\/popart-zon-raamdeco.be\/wp-content\/plugins\/gravityforms\/images\/spinner.svg', true );jQuery('#gform_ajax_frame_8').on('load',function(){var contents = jQuery(this).contents().find('*').html();var is_postback = contents.indexOf('GF_AJAX_POSTBACK') >= 0;if(!is_postback){return;}var form_content = jQuery(this).contents().find('#gform_wrapper_8');var is_confirmation = jQuery(this).contents().find('#gform_confirmation_wrapper_8').length > 0;var is_redirect = contents.indexOf('gformRedirect(){') >= 0;var is_form = form_content.length > 0 && ! is_redirect && ! is_confirmation;var mt = parseInt(jQuery('html').css('margin-top'), 10) + parseInt(jQuery('body').css('margin-top'), 10) + 100;if(is_form){jQuery('#gform_wrapper_8').html(form_content.html());if(form_content.hasClass('gform_validation_error')){jQuery('#gform_wrapper_8').addClass('gform_validation_error');} else {jQuery('#gform_wrapper_8').removeClass('gform_validation_error');}setTimeout( function() { \/* delay the scroll by 50 milliseconds to fix a bug in chrome *\/ jQuery(document).scrollTop(jQuery('#gform_wrapper_8').offset().top - mt); }, 50 );if(window['gformInitDatepicker']) {gformInitDatepicker();}if(window['gformInitPriceFields']) {gformInitPriceFields();}var current_page = jQuery('#gform_source_page_number_8').val();gformInitSpinner( 8, 'https:\/\/popart-zon-raamdeco.be\/wp-content\/plugins\/gravityforms\/images\/spinner.svg', true );jQuery(document).trigger('gform_page_loaded', [8, current_page]);window['gf_submitting_8'] = false;}else if(!is_redirect){var confirmation_content = jQuery(this).contents().find('.GF_AJAX_POSTBACK').html();if(!confirmation_content){confirmation_content = contents;}jQuery('#gform_wrapper_8').replaceWith(confirmation_content);jQuery(document).scrollTop(jQuery('#gf_8').offset().top - mt);jQuery(document).trigger('gform_confirmation_loaded', [8]);window['gf_submitting_8'] = false;wp.a11y.speak(jQuery('#gform_confirmation_message_8').text());}else{jQuery('#gform_8').append(contents);if(window['gformRedirect']) {gformRedirect();}}jQuery(document).trigger(\"gform_pre_post_render\", [{ formId: \"8\", currentPage: \"current_page\", abort: function() { this.preventDefault(); } }]);                if (event && event.defaultPrevented) {                return;         }        const gformWrapperDiv = document.getElementById( \"gform_wrapper_8\" );        if ( gformWrapperDiv ) {            const visibilitySpan = document.createElement( \"span\" );            visibilitySpan.id = \"gform_visibility_test_8\";            gformWrapperDiv.insertAdjacentElement( \"afterend\", visibilitySpan );        }        const visibilityTestDiv = document.getElementById( \"gform_visibility_test_8\" );        let postRenderFired = false;                function triggerPostRender() {            if ( postRenderFired ) {                return;            }            postRenderFired = true;            jQuery( document ).trigger( 'gform_post_render', [8, current_page] );            gform.utils.trigger( { event: 'gform\/postRender', native: false, data: { formId: 8, currentPage: current_page } } );            gform.utils.trigger( { event: 'gform\/post_render', native: false, data: { formId: 8, currentPage: current_page } } );            if ( visibilityTestDiv ) {                visibilityTestDiv.parentNode.removeChild( visibilityTestDiv );            }        }        function debounce( func, wait, immediate ) {            var timeout;            return function() {                var context = this, args = arguments;                var later = function() {                    timeout = null;                    if ( !immediate ) func.apply( context, args );                };                var callNow = immediate && !timeout;                clearTimeout( timeout );                timeout = setTimeout( later, wait );                if ( callNow ) func.apply( context, args );            };        }        const debouncedTriggerPostRender = debounce( function() {            triggerPostRender();        }, 200 );        if ( visibilityTestDiv && visibilityTestDiv.offsetParent === null ) {            const observer = new MutationObserver( ( mutations ) => {                mutations.forEach( ( mutation ) => {                    if ( mutation.type === 'attributes' && visibilityTestDiv.offsetParent !== null ) {                        debouncedTriggerPostRender();                        observer.disconnect();                    }                });            });            observer.observe( document.body, {                attributes: true,                childList: false,                subtree: true,                attributeFilter: [ 'style', 'class' ],            });        } else {            triggerPostRender();        }    } );} );\n<\/script>\n\n<!-- AddThis Advanced Settings generic via filter on the_content --><!-- AddThis Share Buttons generic via filter on the_content -->","protected":false},"excerpt":{"rendered":"<p><!-- AddThis Advanced Settings generic via filter on get_the_excerpt --><!-- AddThis Share Buttons generic via filter on get_the_excerpt --><\/p>\n","protected":false},"author":2,"featured_media":0,"parent":0,"menu_order":0,"comment_status":"closed","ping_status":"closed","template":"template-layout-full-width.php","meta":[],"_links":{"self":[{"href":"https:\/\/popart-zon-raamdeco.be\/fr\/wp-json\/wp\/v2\/pages\/7487"}],"collection":[{"href":"https:\/\/popart-zon-raamdeco.be\/fr\/wp-json\/wp\/v2\/pages"}],"about":[{"href":"https:\/\/popart-zon-raamdeco.be\/fr\/wp-json\/wp\/v2\/types\/page"}],"author":[{"embeddable":true,"href":"https:\/\/popart-zon-raamdeco.be\/fr\/wp-json\/wp\/v2\/users\/2"}],"replies":[{"embeddable":true,"href":"https:\/\/popart-zon-raamdeco.be\/fr\/wp-json\/wp\/v2\/comments?post=7487"}],"version-history":[{"count":3,"href":"https:\/\/popart-zon-raamdeco.be\/fr\/wp-json\/wp\/v2\/pages\/7487\/revisions"}],"predecessor-version":[{"id":7490,"href":"https:\/\/popart-zon-raamdeco.be\/fr\/wp-json\/wp\/v2\/pages\/7487\/revisions\/7490"}],"wp:attachment":[{"href":"https:\/\/popart-zon-raamdeco.be\/fr\/wp-json\/wp\/v2\/media?parent=7487"}],"curies":[{"name":"wp","href":"https:\/\/api.w.org\/{rel}","templated":true}]}}